{"id":9230,"date":"2023-04-18T10:09:49","date_gmt":"2023-04-18T10:09:49","guid":{"rendered":"https:\/\/bayrakgida.com\/?post_type=product&#038;p=9230"},"modified":"2023-07-10T09:47:00","modified_gmt":"2023-07-10T09:47:00","slug":"portakal-aromali-granul-icecek-touz-350gr","status":"publish","type":"product","link":"http:\/\/bayrakgida.com\/?product=portakal-aromali-granul-icecek-touz-350gr","title":{"rendered":"Portakal Aromali Gran\u00fcl I\u00e7ecek Tozu 350gr"},"content":{"rendered":"<p><strong>\u0130\u00c7\u0130NDEK\u0130LER<\/strong>: \u015eeker,Asitlik D\u00fczenleyici (Sitrik asit E330), Glikoz \u015eurubu,Topaklanmay\u0131 \u00d6nleyici (Trikalsiyum Fosfat E 341),Sodyum Bikarbonat, Portakal Aroma Verici, Vitamin C (Sunset Yellow E110, Tartrazin E102, Titanyum Dioksit E171).<\/p>\n<p><strong>HAZIRLANI\u015eI:<\/strong> Bir \u00e7ay barda\u011f\u0131 (100 ml) s\u0131cak suya 3 \u00e7ay ka\u015f\u0131\u011f\u0131 (10 g) bir su barda\u011f\u0131 (200 ml) suya bir \u00e7orba ka\u015f\u0131\u011f\u0131 (20g) \u00fcr\u00fcn at\u0131l\u0131r ve kar\u0131\u015ft\u0131r\u0131l\u0131r. S\u0131cak Olarak \u0130\u00e7iniz. Direkt g\u00fcne\u015f \u0131\u015f\u0131\u011f\u0131ndan ve nemden koruyunuz.<\/p>\n","protected":false},"excerpt":{"rendered":"<p>\u0130\u00c7\u0130NDEK\u0130LER: \u015eeker,Asitlik D\u00fczenleyici (Sitrik asit E330), Glikoz \u015eurubu,Topaklanmay\u0131 \u00d6nleyici (Trikalsiyum Fosfat E 341),Sodyum Bikarbonat, Portakal Aroma Verici, Vitamin C (Sunset<\/p>\n","protected":false},"featured_media":9231,"comment_status":"open","ping_status":"closed","template":"","meta":[],"product_cat":[107,113],"product_tag":[114,111],"_links":{"self":[{"href":"http:\/\/bayrakgida.com\/index.php?rest_route=\/wp\/v3\/product\/9230"}],"collection":[{"href":"http:\/\/bayrakgida.com\/index.php?rest_route=\/wp\/v3\/product"}],"about":[{"href":"http:\/\/bayrakgida.com\/index.php?rest_route=\/wp\/v2\/types\/product"}],"replies":[{"embeddable":true,"href":"http:\/\/bayrakgida.com\/index.php?rest_route=%2Fwp%2Fv2%2Fcomments&post=9230"}],"version-history":[{"count":4,"href":"http:\/\/bayrakgida.com\/index.php?rest_route=\/wp\/v3\/product\/9230\/revisions"}],"predecessor-version":[{"id":9301,"href":"http:\/\/bayrakgida.com\/index.php?rest_route=\/wp\/v3\/product\/9230\/revisions\/9301"}],"wp:featuredmedia":[{"embeddable":true,"href":"http:\/\/bayrakgida.com\/index.php?rest_route=\/wp\/v2\/media\/9231"}],"wp:attachment":[{"href":"http:\/\/bayrakgida.com\/index.php?rest_route=%2Fwp%2Fv2%2Fmedia&parent=9230"}],"wp:term":[{"taxonomy":"product_cat","embeddable":true,"href":"http:\/\/bayrakgida.com\/index.php?rest_route=%2Fwp%2Fv2%2Fproduct_cat&post=9230"},{"taxonomy":"product_tag","embeddable":true,"href":"http:\/\/bayrakgida.com\/index.php?rest_route=%2Fwp%2Fv2%2Fproduct_tag&post=9230"}],"curies":[{"name":"wp","href":"https:\/\/api.w.org\/{rel}","templated":true}]}}