{"id":9198,"date":"2023-04-18T09:57:41","date_gmt":"2023-04-18T09:57:41","guid":{"rendered":"https:\/\/bayrakgida.com\/?post_type=product&#038;p=9198"},"modified":"2023-04-30T16:37:03","modified_gmt":"2023-04-30T16:37:03","slug":"nar-aromali-granul-icecek-touz-350gr","status":"publish","type":"product","link":"http:\/\/bayrakgida.com\/?product=nar-aromali-granul-icecek-touz-350gr","title":{"rendered":"Nar Aromali Gran\u00fcl I\u00e7ecek Tozu  350gr"},"content":{"rendered":"<p><strong>\u0130\u00c7\u0130NDEK\u0130LER:<\/strong> \u015eeker,Asitlik D\u00fczenleyici (Sitrik asit E330), Topaklanmay\u0131 \u00d6nleyici (Trikalsiyum Fosfat E 341),Sodyum Bikarbonat, Nar Aroma Verici, Vitamin C (Askorbik Asit), Renklendiriciler (Karmosin E122, Brown Ht E155).<\/p>\n<p>&nbsp;<\/p>\n<p><strong>HAZIRLANI\u015eI:<\/strong> Bir \u00e7ay barda\u011f\u0131 (100 ml) s\u0131cak suya 3 \u00e7ay ka\u015f\u0131\u011f\u0131 (10 g) bir su barda\u011f\u0131 (200 ml) suya bir \u00e7orba ka\u015f\u0131\u011f\u0131 (20g) \u00fcr\u00fcn at\u0131l\u0131r ve kar\u0131\u015ft\u0131r\u0131l\u0131r. S\u0131cak Olarak \u0130\u00e7iniz. Direkt g\u00fcne\u015f \u0131\u015f\u0131\u011f\u0131ndan ve nemden koruyunuz.<\/p>\n","protected":false},"excerpt":{"rendered":"<p>\u0130\u00c7\u0130NDEK\u0130LER: \u015eeker,Asitlik D\u00fczenleyici (Sitrik asit E330), Topaklanmay\u0131 \u00d6nleyici (Trikalsiyum Fosfat E 341),Sodyum Bikarbonat, Nar Aroma Verici, Vitamin C (Askorbik Asit),<\/p>\n","protected":false},"featured_media":9199,"comment_status":"open","ping_status":"closed","template":"","meta":[],"product_cat":[107,113],"product_tag":[114,111],"_links":{"self":[{"href":"http:\/\/bayrakgida.com\/index.php?rest_route=\/wp\/v3\/product\/9198"}],"collection":[{"href":"http:\/\/bayrakgida.com\/index.php?rest_route=\/wp\/v3\/product"}],"about":[{"href":"http:\/\/bayrakgida.com\/index.php?rest_route=\/wp\/v2\/types\/product"}],"replies":[{"embeddable":true,"href":"http:\/\/bayrakgida.com\/index.php?rest_route=%2Fwp%2Fv2%2Fcomments&post=9198"}],"version-history":[{"count":3,"href":"http:\/\/bayrakgida.com\/index.php?rest_route=\/wp\/v3\/product\/9198\/revisions"}],"predecessor-version":[{"id":9308,"href":"http:\/\/bayrakgida.com\/index.php?rest_route=\/wp\/v3\/product\/9198\/revisions\/9308"}],"wp:featuredmedia":[{"embeddable":true,"href":"http:\/\/bayrakgida.com\/index.php?rest_route=\/wp\/v2\/media\/9199"}],"wp:attachment":[{"href":"http:\/\/bayrakgida.com\/index.php?rest_route=%2Fwp%2Fv2%2Fmedia&parent=9198"}],"wp:term":[{"taxonomy":"product_cat","embeddable":true,"href":"http:\/\/bayrakgida.com\/index.php?rest_route=%2Fwp%2Fv2%2Fproduct_cat&post=9198"},{"taxonomy":"product_tag","embeddable":true,"href":"http:\/\/bayrakgida.com\/index.php?rest_route=%2Fwp%2Fv2%2Fproduct_tag&post=9198"}],"curies":[{"name":"wp","href":"https:\/\/api.w.org\/{rel}","templated":true}]}}